{"id":77,"date":"2024-10-26T21:11:34","date_gmt":"2024-10-27T01:11:34","guid":{"rendered":"https:\/\/www.bohosalonspa.com\/reservation\/"},"modified":"2026-03-03T08:03:52","modified_gmt":"2026-03-03T13:03:52","slug":"reservations","status":"publish","type":"page","link":"https:\/\/www.bohosalonspa.com\/en\/reservations\/","title":{"rendered":"Reservation"},"content":{"rendered":"\t\t<div data-elementor-type=\"wp-page\" data-elementor-id=\"77\" class=\"elementor elementor-77 elementor-71\" data-elementor-post-type=\"page\">\n\t\t\t\t\t\t<section class=\"wd-negative-gap elementor-section elementor-top-section elementor-element elementor-element-728e12f elementor-hidden-desktop elementor-hidden-tablet elementor-hidden-mobile elementor-section-boxed elementor-section-height-default elementor-section-height-default\" data-id=\"728e12f\" data-element_type=\"section\">\n\t\t\t\t\t\t<div class=\"elementor-container elementor-column-gap-default\">\n\t\t\t\t\t<div class=\"elementor-column elementor-col-100 elementor-top-column elementor-element elementor-element-32c69c5\" data-id=\"32c69c5\" data-element_type=\"column\">\n\t\t\t<div class=\"elementor-widget-wrap elementor-element-populated\">\n\t\t\t\t\t\t<div class=\"elementor-element elementor-element-12cf714 elementor-widget elementor-widget-stepbooking\" data-id=\"12cf714\" data-element_type=\"widget\" data-widget_type=\"stepbooking.default\">\n\t\t\t\t<div class=\"elementor-widget-container\">\n\t\t\t\t\t\n<script>\n  if (typeof hasAmeliaEntitiesApiCall === 'undefined' && ('' === '' && '' !== '1')) {\n    var hasAmeliaEntitiesApiCall = true;\n  }\n  var ameliaShortcodeData = (typeof ameliaShortcodeData === 'undefined') ? [] : ameliaShortcodeData;\n  ameliaShortcodeData.push(\n    {\n      'hasApiCall': (typeof hasAmeliaEntitiesApiCall !== 'undefined') && hasAmeliaEntitiesApiCall,\n      'trigger': '',\n      'trigger_type': '',\n      'triggered_form': 'sbsNew',\n      'in_dialog': '',\n      'show': '',\n      'counter': '1000',\n      'category': '',\n      'service': '',\n      'employee': '',\n      'location': '',\n      'package': '',\n      'layout': '2',\n    }\n  );\n\n  var ameliaShortcodeDataTriggered = (typeof ameliaShortcodeDataTriggered === 'undefined') ? [] : ameliaShortcodeDataTriggered;\n  if (ameliaShortcodeData[ameliaShortcodeData.length - 1].trigger !== '') {\n    if (ameliaShortcodeDataTriggered.filter(a => a.counter === ameliaShortcodeData[ameliaShortcodeData.length - 1].counter).length === 0) {\n      ameliaShortcodeDataTriggered.push(ameliaShortcodeData.pop());\n    } else {\n      ameliaShortcodeData.pop()\n    }\n  }\n  if (typeof hasAmeliaEntitiesApiCall !== 'undefined' && hasAmeliaEntitiesApiCall) {\n    hasAmeliaEntitiesApiCall = false;\n  }\n<\/script>\n\n<div\n  id=\"amelia-v2-booking-1000\"\n  class=\"amelia-v2-booking\"\n >\n    <step-form-wrapper><\/step-form-wrapper><\/div>\n\t\t\t\t<\/div>\n\t\t\t\t<\/div>\n\t\t\t\t\t<\/div>\n\t\t<\/div>\n\t\t\t\t\t<\/div>\n\t\t<\/section>\n\t\t\t\t<section class=\"wd-negative-gap elementor-section elementor-top-section elementor-element elementor-element-6860c03 elementor-section-boxed elementor-section-height-default elementor-section-height-default\" data-id=\"6860c03\" data-element_type=\"section\">\n\t\t\t\t\t\t<div class=\"elementor-container elementor-column-gap-default\">\n\t\t\t\t\t<div class=\"elementor-column elementor-col-100 elementor-top-column elementor-element elementor-element-580f5fa\" data-id=\"580f5fa\" data-element_type=\"column\">\n\t\t\t<div class=\"elementor-widget-wrap elementor-element-populated\">\n\t\t\t\t\t\t<div class=\"elementor-element elementor-element-e147827 elementor-widget elementor-widget-wd_text_block\" data-id=\"e147827\" data-element_type=\"widget\" data-widget_type=\"wd_text_block.default\">\n\t\t\t\t<div class=\"elementor-widget-container\">\n\t\t\t\t\t\t\t<div class=\"wd-text-block reset-last-child text-left\">\n\t\t\t\n\t\t\t<h1 style=\"text-align: center;\">Under Maintenance<\/h1>\n\t\t\t\t\t<\/div>\n\t\t\t\t\t\t<\/div>\n\t\t\t\t<\/div>\n\t\t\t\t\t<\/div>\n\t\t<\/div>\n\t\t\t\t\t<\/div>\n\t\t<\/section>\n\t\t\t\t<\/div>\n\t\t","protected":false},"excerpt":{"rendered":"<p>Under Maintenance<\/p>\n","protected":false},"author":1,"featured_media":0,"parent":0,"menu_order":105,"comment_status":"closed","ping_status":"closed","template":"","meta":{"footnotes":""},"class_list":["post-77","page","type-page","status-publish","hentry"],"aioseo_notices":[],"aioseo_head":"\n\t\t<!-- All in One SEO Pro 4.9.4.2 - aioseo.com -->\n\t<meta name=\"description\" content=\"Under Maintenance\" \/>\n\t<meta name=\"robots\" content=\"max-image-preview:large\" \/>\n\t<link rel=\"canonical\" href=\"https:\/\/www.bohosalonspa.com\/en\/reservations\/\" \/>\n\t<meta name=\"generator\" content=\"All in One SEO Pro (AIOSEO) 4.9.4.2\" \/>\n\t\t<meta property=\"og:locale\" content=\"en_US\" \/>\n\t\t<meta property=\"og:site_name\" content=\"B\u00d6HO Salon SPA | Revitalize Body, Mind, and Spirit\" \/>\n\t\t<meta property=\"og:type\" content=\"article\" \/>\n\t\t<meta property=\"og:title\" content=\"Reservation | B\u00d6HO Salon SPA\" \/>\n\t\t<meta property=\"og:description\" content=\"Under Maintenance\" \/>\n\t\t<meta property=\"og:url\" content=\"https:\/\/www.bohosalonspa.com\/en\/reservations\/\" \/>\n\t\t<meta property=\"article:published_time\" content=\"2024-10-27T01:11:34+00:00\" \/>\n\t\t<meta property=\"article:modified_time\" content=\"2026-03-03T13:03:52+00:00\" \/>\n\t\t<meta name=\"twitter:card\" content=\"summary_large_image\" \/>\n\t\t<meta name=\"twitter:title\" content=\"Reservation | B\u00d6HO Salon SPA\" \/>\n\t\t<meta name=\"twitter:description\" content=\"Under Maintenance\" \/>\n\t\t<script type=\"application\/ld+json\" class=\"aioseo-schema\">\n\t\t\t{\"@context\":\"https:\\\/\\\/schema.org\",\"@graph\":[{\"@type\":\"BreadcrumbList\",\"@id\":\"https:\\\/\\\/www.bohosalonspa.com\\\/en\\\/reservations\\\/#breadcrumblist\",\"itemListElement\":[{\"@type\":\"ListItem\",\"@id\":\"https:\\\/\\\/www.bohosalonspa.com\\\/en\\\/#listItem\",\"position\":1,\"name\":\"Home\",\"item\":\"https:\\\/\\\/www.bohosalonspa.com\\\/en\\\/\",\"nextItem\":{\"@type\":\"ListItem\",\"@id\":\"https:\\\/\\\/www.bohosalonspa.com\\\/en\\\/reservations\\\/#listItem\",\"name\":\"Reservation\"}},{\"@type\":\"ListItem\",\"@id\":\"https:\\\/\\\/www.bohosalonspa.com\\\/en\\\/reservations\\\/#listItem\",\"position\":2,\"name\":\"Reservation\",\"previousItem\":{\"@type\":\"ListItem\",\"@id\":\"https:\\\/\\\/www.bohosalonspa.com\\\/en\\\/#listItem\",\"name\":\"Home\"}}]},{\"@type\":\"Organization\",\"@id\":\"https:\\\/\\\/www.bohosalonspa.com\\\/en\\\/#organization\",\"name\":\"B\\u00d6HO Salon SPA\",\"description\":\"Revitalize Body, Mind, and Spirit\",\"url\":\"https:\\\/\\\/www.bohosalonspa.com\\\/en\\\/\",\"email\":\"info@bohosalonspa.com\",\"telephone\":\"+15146042646\",\"foundingDate\":\"2024-10-01\",\"numberOfEmployees\":{\"@type\":\"QuantitativeValue\",\"minValue\":10,\"maxValue\":15},\"logo\":{\"@type\":\"ImageObject\",\"url\":\"https:\\\/\\\/www.bohosalonspa.com\\\/wp-content\\\/uploads\\\/2024\\\/10\\\/Boho-Salon-Spa-Logo-AIOSE.png\",\"@id\":\"https:\\\/\\\/www.bohosalonspa.com\\\/en\\\/reservations\\\/#organizationLogo\",\"width\":250,\"height\":250},\"image\":{\"@id\":\"https:\\\/\\\/www.bohosalonspa.com\\\/en\\\/reservations\\\/#organizationLogo\"},\"address\":{\"@id\":\"https:\\\/\\\/www.bohosalonspa.com\\\/en\\\/#postaladdress\",\"@type\":\"PostalAddress\",\"streetAddress\":\"269 Bd du Cur\\u00e9-Labelle,\",\"postalCode\":\"J7E 1Z3\",\"addressLocality\":\"Sainte-Th\\u00e9r\\u00e8se\",\"addressRegion\":\"Quebec\",\"addressCountry\":\"CA\"}},{\"@type\":\"WebPage\",\"@id\":\"https:\\\/\\\/www.bohosalonspa.com\\\/en\\\/reservations\\\/#webpage\",\"url\":\"https:\\\/\\\/www.bohosalonspa.com\\\/en\\\/reservations\\\/\",\"name\":\"Reservation | B\\u00d6HO Salon SPA\",\"description\":\"Under Maintenance\",\"inLanguage\":\"en-CA\",\"isPartOf\":{\"@id\":\"https:\\\/\\\/www.bohosalonspa.com\\\/en\\\/#website\"},\"breadcrumb\":{\"@id\":\"https:\\\/\\\/www.bohosalonspa.com\\\/en\\\/reservations\\\/#breadcrumblist\"},\"datePublished\":\"2024-10-26T21:11:34-04:00\",\"dateModified\":\"2026-03-03T08:03:52-05:00\"},{\"@type\":\"WebSite\",\"@id\":\"https:\\\/\\\/www.bohosalonspa.com\\\/en\\\/#website\",\"url\":\"https:\\\/\\\/www.bohosalonspa.com\\\/en\\\/\",\"name\":\"B\\u00d6HO Salon SPA\",\"description\":\"Revitalize Body, Mind, and Spirit\",\"inLanguage\":\"en-CA\",\"publisher\":{\"@id\":\"https:\\\/\\\/www.bohosalonspa.com\\\/en\\\/#organization\"}}]}\n\t\t<\/script>\n\t\t<!-- All in One SEO Pro -->\r\n\t\t<title>Reservation | B\u00d6HO Salon SPA<\/title>\n\n","aioseo_head_json":{"title":"Reservation | B\u00d6HO Salon SPA","description":"Under Maintenance","canonical_url":"https:\/\/www.bohosalonspa.com\/en\/reservations\/","robots":"max-image-preview:large","keywords":"","webmasterTools":{"miscellaneous":""},"schema":{"@context":"https:\/\/schema.org","@graph":[{"@type":"BreadcrumbList","@id":"https:\/\/www.bohosalonspa.com\/en\/reservations\/#breadcrumblist","itemListElement":[{"@type":"ListItem","@id":"https:\/\/www.bohosalonspa.com\/en\/#listItem","position":1,"name":"Home","item":"https:\/\/www.bohosalonspa.com\/en\/","nextItem":{"@type":"ListItem","@id":"https:\/\/www.bohosalonspa.com\/en\/reservations\/#listItem","name":"Reservation"}},{"@type":"ListItem","@id":"https:\/\/www.bohosalonspa.com\/en\/reservations\/#listItem","position":2,"name":"Reservation","previousItem":{"@type":"ListItem","@id":"https:\/\/www.bohosalonspa.com\/en\/#listItem","name":"Home"}}]},{"@type":"Organization","@id":"https:\/\/www.bohosalonspa.com\/en\/#organization","name":"B\u00d6HO Salon SPA","description":"Revitalize Body, Mind, and Spirit","url":"https:\/\/www.bohosalonspa.com\/en\/","email":"info@bohosalonspa.com","telephone":"+15146042646","foundingDate":"2024-10-01","numberOfEmployees":{"@type":"QuantitativeValue","minValue":10,"maxValue":15},"logo":{"@type":"ImageObject","url":"https:\/\/www.bohosalonspa.com\/wp-content\/uploads\/2024\/10\/Boho-Salon-Spa-Logo-AIOSE.png","@id":"https:\/\/www.bohosalonspa.com\/en\/reservations\/#organizationLogo","width":250,"height":250},"image":{"@id":"https:\/\/www.bohosalonspa.com\/en\/reservations\/#organizationLogo"},"address":{"@id":"https:\/\/www.bohosalonspa.com\/en\/#postaladdress","@type":"PostalAddress","streetAddress":"269 Bd du Cur\u00e9-Labelle,","postalCode":"J7E 1Z3","addressLocality":"Sainte-Th\u00e9r\u00e8se","addressRegion":"Quebec","addressCountry":"CA"}},{"@type":"WebPage","@id":"https:\/\/www.bohosalonspa.com\/en\/reservations\/#webpage","url":"https:\/\/www.bohosalonspa.com\/en\/reservations\/","name":"Reservation | B\u00d6HO Salon SPA","description":"Under Maintenance","inLanguage":"en-CA","isPartOf":{"@id":"https:\/\/www.bohosalonspa.com\/en\/#website"},"breadcrumb":{"@id":"https:\/\/www.bohosalonspa.com\/en\/reservations\/#breadcrumblist"},"datePublished":"2024-10-26T21:11:34-04:00","dateModified":"2026-03-03T08:03:52-05:00"},{"@type":"WebSite","@id":"https:\/\/www.bohosalonspa.com\/en\/#website","url":"https:\/\/www.bohosalonspa.com\/en\/","name":"B\u00d6HO Salon SPA","description":"Revitalize Body, Mind, and Spirit","inLanguage":"en-CA","publisher":{"@id":"https:\/\/www.bohosalonspa.com\/en\/#organization"}}]},"og:locale":"en_US","og:site_name":"B\u00d6HO Salon SPA | Revitalize Body, Mind, and Spirit","og:type":"article","og:title":"Reservation | B\u00d6HO Salon SPA","og:description":"Under Maintenance","og:url":"https:\/\/www.bohosalonspa.com\/en\/reservations\/","article:published_time":"2024-10-27T01:11:34+00:00","article:modified_time":"2026-03-03T13:03:52+00:00","twitter:card":"summary_large_image","twitter:title":"Reservation | B\u00d6HO Salon SPA","twitter:description":"Under Maintenance"},"aioseo_meta_data":{"post_id":"77","title":null,"description":null,"keywords":null,"keyphrases":{"focus":{"keyphrase":"","score":0,"analysis":{"keyphraseInTitle":{"score":0,"maxScore":9,"error":1}}},"additional":[]},"primary_term":null,"canonical_url":null,"og_title":null,"og_description":null,"og_object_type":"default","og_image_type":"default","og_image_url":null,"og_image_width":null,"og_image_height":null,"og_image_custom_url":null,"og_image_custom_fields":null,"og_video":"","og_custom_url":null,"og_article_section":null,"og_article_tags":null,"twitter_use_og":false,"twitter_card":"default","twitter_image_type":"default","twitter_image_url":null,"twitter_image_custom_url":null,"twitter_image_custom_fields":null,"twitter_title":null,"twitter_description":null,"schema":{"blockGraphs":[],"customGraphs":[],"default":{"data":{"Article":[],"Course":[],"Dataset":[],"FAQPage":[],"Movie":[],"Person":[],"Product":[],"ProductReview":[],"Car":[],"Recipe":[],"Service":[],"SoftwareApplication":[],"WebPage":[]},"graphName":"WebPage","isEnabled":true},"graphs":[]},"schema_type":"default","schema_type_options":null,"pillar_content":false,"robots_default":true,"robots_noindex":false,"robots_noarchive":false,"robots_nosnippet":false,"robots_nofollow":false,"robots_noimageindex":false,"robots_noodp":false,"robots_notranslate":false,"robots_max_snippet":"-1","robots_max_videopreview":"-1","robots_max_imagepreview":"large","priority":null,"frequency":"default","local_seo":null,"seo_analyzer_scan_date":"2026-03-03 13:22:21","breadcrumb_settings":null,"limit_modified_date":false,"reviewed_by":"0","open_ai":"{\"title\":{\"suggestions\":[],\"usage\":0},\"description\":{\"suggestions\":[],\"usage\":0}}","ai":null,"created":"2024-10-27 01:11:46","updated":"2026-03-03 13:35:26"},"aioseo_breadcrumb":"<div class=\"aioseo-breadcrumbs\"><span class=\"aioseo-breadcrumb\">\n\t<a href=\"https:\/\/www.bohosalonspa.com\/en\/\" title=\"Home\">Home<\/a>\n<\/span><span class=\"aioseo-breadcrumb-separator\">&raquo;<\/span><span class=\"aioseo-breadcrumb\">\n\tReservation\n<\/span><\/div>","aioseo_breadcrumb_json":[{"label":"Home","link":"https:\/\/www.bohosalonspa.com\/en\/"},{"label":"Reservation","link":"https:\/\/www.bohosalonspa.com\/en\/reservations\/"}],"_links":{"self":[{"href":"https:\/\/www.bohosalonspa.com\/en\/wp-json\/wp\/v2\/pages\/77","targetHints":{"allow":["GET"]}}],"collection":[{"href":"https:\/\/www.bohosalonspa.com\/en\/wp-json\/wp\/v2\/pages"}],"about":[{"href":"https:\/\/www.bohosalonspa.com\/en\/wp-json\/wp\/v2\/types\/page"}],"author":[{"embeddable":true,"href":"https:\/\/www.bohosalonspa.com\/en\/wp-json\/wp\/v2\/users\/1"}],"replies":[{"embeddable":true,"href":"https:\/\/www.bohosalonspa.com\/en\/wp-json\/wp\/v2\/comments?post=77"}],"version-history":[{"count":30,"href":"https:\/\/www.bohosalonspa.com\/en\/wp-json\/wp\/v2\/pages\/77\/revisions"}],"predecessor-version":[{"id":1402,"href":"https:\/\/www.bohosalonspa.com\/en\/wp-json\/wp\/v2\/pages\/77\/revisions\/1402"}],"wp:attachment":[{"href":"https:\/\/www.bohosalonspa.com\/en\/wp-json\/wp\/v2\/media?parent=77"}],"curies":[{"name":"wp","href":"https:\/\/api.w.org\/{rel}","templated":true}]}}