{"id":1408,"date":"2026-04-10T16:36:19","date_gmt":"2026-04-10T20:36:19","guid":{"rendered":"https:\/\/www.bohosalonspa.com\/maintenance\/"},"modified":"2026-04-10T16:39:22","modified_gmt":"2026-04-10T20:39:22","slug":"maintenance","status":"publish","type":"page","link":"https:\/\/www.bohosalonspa.com\/en\/maintenance\/","title":{"rendered":"Maintenance"},"content":{"rendered":"\t\t<div data-elementor-type=\"wp-page\" data-elementor-id=\"1408\" class=\"elementor elementor-1408 elementor-1406\" data-elementor-post-type=\"page\">\n\t\t\t\t\t\t<section class=\"wd-negative-gap elementor-section elementor-top-section elementor-element elementor-element-7239b5e elementor-section-boxed elementor-section-height-default elementor-section-height-default\" data-id=\"7239b5e\" data-element_type=\"section\" data-e-type=\"section\">\n\t\t\t\t\t\t<div class=\"elementor-container elementor-column-gap-default\">\n\t\t\t\t\t<div class=\"elementor-column elementor-col-100 elementor-top-column elementor-element elementor-element-16291bd\" data-id=\"16291bd\" data-element_type=\"column\" data-e-type=\"column\">\n\t\t\t<div class=\"elementor-widget-wrap elementor-element-populated\">\n\t\t\t\t\t\t<div class=\"elementor-element elementor-element-86e4df3 elementor-widget elementor-widget-theme-site-logo elementor-widget-image\" data-id=\"86e4df3\" data-element_type=\"widget\" data-e-type=\"widget\" data-widget_type=\"theme-site-logo.default\">\n\t\t\t\t<div class=\"elementor-widget-container\">\n\t\t\t\t\t\t\t\t\t\t\t<a href=\"https:\/\/www.bohosalonspa.com\/en\/\">\n\t\t\t<img decoding=\"async\" src=\"https:\/\/www.bohosalonspa.com\/wp-content\/uploads\/2024\/10\/Boho-Salon-Spa-Logo.png\" title=\"Boho-Salon-Spa-Logo\" alt=\"#image_title\" loading=\"lazy\" \/>\t\t\t\t<\/a>\n\t\t\t\t\t\t\t\t\t\t\t<\/div>\n\t\t\t\t<\/div>\n\t\t\t\t\t<\/div>\n\t\t<\/div>\n\t\t\t\t\t<\/div>\n\t\t<\/section>\n\t\t\t\t<\/div>\n\t\t","protected":false},"excerpt":{"rendered":"","protected":false},"author":1,"featured_media":0,"parent":0,"menu_order":0,"comment_status":"closed","ping_status":"closed","template":"maintenance.php","meta":{"footnotes":""},"class_list":["post-1408","page","type-page","status-publish","hentry"],"aioseo_notices":[],"aioseo_head":"\n\t\t<!-- All in One SEO Pro 4.9.5.2 - aioseo.com -->\n\t<meta name=\"robots\" content=\"max-image-preview:large\" \/>\n\t<link rel=\"canonical\" href=\"https:\/\/www.bohosalonspa.com\/en\/maintenance\/\" \/>\n\t<meta name=\"generator\" content=\"All in One SEO Pro (AIOSEO) 4.9.5.2\" \/>\n\t\t<meta property=\"og:locale\" content=\"en_US\" \/>\n\t\t<meta property=\"og:site_name\" content=\"B\u00d6HO Salon SPA | Revitalize Body, Mind, and Spirit\" \/>\n\t\t<meta property=\"og:type\" content=\"article\" \/>\n\t\t<meta property=\"og:title\" content=\"Maintenance | B\u00d6HO Salon SPA\" \/>\n\t\t<meta property=\"og:url\" content=\"https:\/\/www.bohosalonspa.com\/en\/maintenance\/\" \/>\n\t\t<meta property=\"article:published_time\" content=\"2026-04-10T20:36:19+00:00\" \/>\n\t\t<meta property=\"article:modified_time\" content=\"2026-04-10T20:39:22+00:00\" \/>\n\t\t<meta name=\"twitter:card\" content=\"summary_large_image\" \/>\n\t\t<meta name=\"twitter:title\" content=\"Maintenance | B\u00d6HO Salon SPA\" \/>\n\t\t<script type=\"application\/ld+json\" class=\"aioseo-schema\">\n\t\t\t{\"@context\":\"https:\\\/\\\/schema.org\",\"@graph\":[{\"@type\":\"BreadcrumbList\",\"@id\":\"https:\\\/\\\/www.bohosalonspa.com\\\/en\\\/maintenance\\\/#breadcrumblist\",\"itemListElement\":[{\"@type\":\"ListItem\",\"@id\":\"https:\\\/\\\/www.bohosalonspa.com\\\/en\\\/#listItem\",\"position\":1,\"name\":\"Home\",\"item\":\"https:\\\/\\\/www.bohosalonspa.com\\\/en\\\/\",\"nextItem\":{\"@type\":\"ListItem\",\"@id\":\"https:\\\/\\\/www.bohosalonspa.com\\\/en\\\/maintenance\\\/#listItem\",\"name\":\"Maintenance\"}},{\"@type\":\"ListItem\",\"@id\":\"https:\\\/\\\/www.bohosalonspa.com\\\/en\\\/maintenance\\\/#listItem\",\"position\":2,\"name\":\"Maintenance\",\"previousItem\":{\"@type\":\"ListItem\",\"@id\":\"https:\\\/\\\/www.bohosalonspa.com\\\/en\\\/#listItem\",\"name\":\"Home\"}}]},{\"@type\":\"Organization\",\"@id\":\"https:\\\/\\\/www.bohosalonspa.com\\\/en\\\/#organization\",\"name\":\"B\\u00d6HO Salon SPA\",\"description\":\"Revitalize Body, Mind, and Spirit\",\"url\":\"https:\\\/\\\/www.bohosalonspa.com\\\/en\\\/\",\"email\":\"info@bohosalonspa.com\",\"telephone\":\"+15146042646\",\"foundingDate\":\"2024-10-01\",\"numberOfEmployees\":{\"@type\":\"QuantitativeValue\",\"minValue\":10,\"maxValue\":15},\"logo\":{\"@type\":\"ImageObject\",\"url\":\"https:\\\/\\\/www.bohosalonspa.com\\\/wp-content\\\/uploads\\\/2024\\\/10\\\/Boho-Salon-Spa-Logo-AIOSE.png\",\"@id\":\"https:\\\/\\\/www.bohosalonspa.com\\\/en\\\/maintenance\\\/#organizationLogo\",\"width\":250,\"height\":250},\"image\":{\"@id\":\"https:\\\/\\\/www.bohosalonspa.com\\\/en\\\/maintenance\\\/#organizationLogo\"},\"address\":{\"@id\":\"https:\\\/\\\/www.bohosalonspa.com\\\/en\\\/#postaladdress\",\"@type\":\"PostalAddress\",\"streetAddress\":\"269 Bd du Cur\\u00e9-Labelle,\",\"postalCode\":\"J7E 1Z3\",\"addressLocality\":\"Sainte-Th\\u00e9r\\u00e8se\",\"addressRegion\":\"Quebec\",\"addressCountry\":\"CA\"}},{\"@type\":\"WebPage\",\"@id\":\"https:\\\/\\\/www.bohosalonspa.com\\\/en\\\/maintenance\\\/#webpage\",\"url\":\"https:\\\/\\\/www.bohosalonspa.com\\\/en\\\/maintenance\\\/\",\"name\":\"Maintenance | B\\u00d6HO Salon SPA\",\"inLanguage\":\"en-CA\",\"isPartOf\":{\"@id\":\"https:\\\/\\\/www.bohosalonspa.com\\\/en\\\/#website\"},\"breadcrumb\":{\"@id\":\"https:\\\/\\\/www.bohosalonspa.com\\\/en\\\/maintenance\\\/#breadcrumblist\"},\"datePublished\":\"2026-04-10T16:36:19-04:00\",\"dateModified\":\"2026-04-10T16:39:22-04:00\"},{\"@type\":\"WebSite\",\"@id\":\"https:\\\/\\\/www.bohosalonspa.com\\\/en\\\/#website\",\"url\":\"https:\\\/\\\/www.bohosalonspa.com\\\/en\\\/\",\"name\":\"B\\u00d6HO Salon SPA\",\"description\":\"Revitalize Body, Mind, and Spirit\",\"inLanguage\":\"en-CA\",\"publisher\":{\"@id\":\"https:\\\/\\\/www.bohosalonspa.com\\\/en\\\/#organization\"}}]}\n\t\t<\/script>\n\t\t<!-- All in One SEO Pro -->\r\n\t\t<title>Maintenance | B\u00d6HO Salon SPA<\/title>\n\n","aioseo_head_json":{"title":"Maintenance | B\u00d6HO Salon SPA","description":"","canonical_url":"https:\/\/www.bohosalonspa.com\/en\/maintenance\/","robots":"max-image-preview:large","keywords":"","webmasterTools":{"miscellaneous":""},"schema":{"@context":"https:\/\/schema.org","@graph":[{"@type":"BreadcrumbList","@id":"https:\/\/www.bohosalonspa.com\/en\/maintenance\/#breadcrumblist","itemListElement":[{"@type":"ListItem","@id":"https:\/\/www.bohosalonspa.com\/en\/#listItem","position":1,"name":"Home","item":"https:\/\/www.bohosalonspa.com\/en\/","nextItem":{"@type":"ListItem","@id":"https:\/\/www.bohosalonspa.com\/en\/maintenance\/#listItem","name":"Maintenance"}},{"@type":"ListItem","@id":"https:\/\/www.bohosalonspa.com\/en\/maintenance\/#listItem","position":2,"name":"Maintenance","previousItem":{"@type":"ListItem","@id":"https:\/\/www.bohosalonspa.com\/en\/#listItem","name":"Home"}}]},{"@type":"Organization","@id":"https:\/\/www.bohosalonspa.com\/en\/#organization","name":"B\u00d6HO Salon SPA","description":"Revitalize Body, Mind, and Spirit","url":"https:\/\/www.bohosalonspa.com\/en\/","email":"info@bohosalonspa.com","telephone":"+15146042646","foundingDate":"2024-10-01","numberOfEmployees":{"@type":"QuantitativeValue","minValue":10,"maxValue":15},"logo":{"@type":"ImageObject","url":"https:\/\/www.bohosalonspa.com\/wp-content\/uploads\/2024\/10\/Boho-Salon-Spa-Logo-AIOSE.png","@id":"https:\/\/www.bohosalonspa.com\/en\/maintenance\/#organizationLogo","width":250,"height":250},"image":{"@id":"https:\/\/www.bohosalonspa.com\/en\/maintenance\/#organizationLogo"},"address":{"@id":"https:\/\/www.bohosalonspa.com\/en\/#postaladdress","@type":"PostalAddress","streetAddress":"269 Bd du Cur\u00e9-Labelle,","postalCode":"J7E 1Z3","addressLocality":"Sainte-Th\u00e9r\u00e8se","addressRegion":"Quebec","addressCountry":"CA"}},{"@type":"WebPage","@id":"https:\/\/www.bohosalonspa.com\/en\/maintenance\/#webpage","url":"https:\/\/www.bohosalonspa.com\/en\/maintenance\/","name":"Maintenance | B\u00d6HO Salon SPA","inLanguage":"en-CA","isPartOf":{"@id":"https:\/\/www.bohosalonspa.com\/en\/#website"},"breadcrumb":{"@id":"https:\/\/www.bohosalonspa.com\/en\/maintenance\/#breadcrumblist"},"datePublished":"2026-04-10T16:36:19-04:00","dateModified":"2026-04-10T16:39:22-04:00"},{"@type":"WebSite","@id":"https:\/\/www.bohosalonspa.com\/en\/#website","url":"https:\/\/www.bohosalonspa.com\/en\/","name":"B\u00d6HO Salon SPA","description":"Revitalize Body, Mind, and Spirit","inLanguage":"en-CA","publisher":{"@id":"https:\/\/www.bohosalonspa.com\/en\/#organization"}}]},"og:locale":"en_US","og:site_name":"B\u00d6HO Salon SPA | Revitalize Body, Mind, and Spirit","og:type":"article","og:title":"Maintenance | B\u00d6HO Salon SPA","og:url":"https:\/\/www.bohosalonspa.com\/en\/maintenance\/","article:published_time":"2026-04-10T20:36:19+00:00","article:modified_time":"2026-04-10T20:39:22+00:00","twitter:card":"summary_large_image","twitter:title":"Maintenance | B\u00d6HO Salon SPA"},"aioseo_meta_data":{"post_id":"1408","title":null,"description":null,"keywords":null,"keyphrases":{"focus":{"keyphrase":"","score":0,"analysis":{"keyphraseInTitle":{"score":0,"maxScore":9,"error":1}}},"additional":[]},"primary_term":null,"canonical_url":null,"og_title":null,"og_description":null,"og_object_type":"default","og_image_type":"default","og_image_url":null,"og_image_width":null,"og_image_height":null,"og_image_custom_url":null,"og_image_custom_fields":null,"og_video":"","og_custom_url":null,"og_article_section":null,"og_article_tags":null,"twitter_use_og":false,"twitter_card":"default","twitter_image_type":"default","twitter_image_url":null,"twitter_image_custom_url":null,"twitter_image_custom_fields":null,"twitter_title":null,"twitter_description":null,"schema":{"blockGraphs":[],"customGraphs":[],"default":{"data":{"Article":[],"Course":[],"Dataset":[],"FAQPage":[],"Movie":[],"Person":[],"Product":[],"ProductReview":[],"Car":[],"Recipe":[],"Service":[],"SoftwareApplication":[],"WebPage":[]},"graphName":"WebPage","isEnabled":true},"graphs":[]},"schema_type":"default","schema_type_options":null,"pillar_content":false,"robots_default":true,"robots_noindex":false,"robots_noarchive":false,"robots_nosnippet":false,"robots_nofollow":false,"robots_noimageindex":false,"robots_noodp":false,"robots_notranslate":false,"robots_max_snippet":"-1","robots_max_videopreview":"-1","robots_max_imagepreview":"large","priority":null,"frequency":"default","local_seo":null,"seo_analyzer_scan_date":"2026-04-10 20:46:28","breadcrumb_settings":null,"limit_modified_date":false,"reviewed_by":"0","open_ai":null,"ai":{"faqs":[],"keyPoints":[],"titles":[],"descriptions":[],"socialPosts":{"email":[],"linkedin":[],"twitter":[],"facebook":[],"instagram":[]}},"created":"2026-04-10 20:37:25","updated":"2026-04-10 20:47:19"},"aioseo_breadcrumb":"<div class=\"aioseo-breadcrumbs\"><span class=\"aioseo-breadcrumb\">\n\t<a href=\"https:\/\/www.bohosalonspa.com\/en\/\" title=\"Home\">Home<\/a>\n<\/span><span class=\"aioseo-breadcrumb-separator\">&raquo;<\/span><span class=\"aioseo-breadcrumb\">\n\tMaintenance\n<\/span><\/div>","aioseo_breadcrumb_json":[{"label":"Home","link":"https:\/\/www.bohosalonspa.com\/en\/"},{"label":"Maintenance","link":"https:\/\/www.bohosalonspa.com\/en\/maintenance\/"}],"_links":{"self":[{"href":"https:\/\/www.bohosalonspa.com\/en\/wp-json\/wp\/v2\/pages\/1408","targetHints":{"allow":["GET"]}}],"collection":[{"href":"https:\/\/www.bohosalonspa.com\/en\/wp-json\/wp\/v2\/pages"}],"about":[{"href":"https:\/\/www.bohosalonspa.com\/en\/wp-json\/wp\/v2\/types\/page"}],"author":[{"embeddable":true,"href":"https:\/\/www.bohosalonspa.com\/en\/wp-json\/wp\/v2\/users\/1"}],"replies":[{"embeddable":true,"href":"https:\/\/www.bohosalonspa.com\/en\/wp-json\/wp\/v2\/comments?post=1408"}],"version-history":[{"count":1,"href":"https:\/\/www.bohosalonspa.com\/en\/wp-json\/wp\/v2\/pages\/1408\/revisions"}],"predecessor-version":[{"id":1414,"href":"https:\/\/www.bohosalonspa.com\/en\/wp-json\/wp\/v2\/pages\/1408\/revisions\/1414"}],"wp:attachment":[{"href":"https:\/\/www.bohosalonspa.com\/en\/wp-json\/wp\/v2\/media?parent=1408"}],"curies":[{"name":"wp","href":"https:\/\/api.w.org\/{rel}","templated":true}]}}